{"id":105,"date":"2019-10-17T12:25:35","date_gmt":"2019-10-17T12:25:35","guid":{"rendered":"https:\/\/sktperfectdemo.com\/demos\/pestcontrol\/?page_id=105"},"modified":"2025-01-22T23:31:20","modified_gmt":"2025-01-22T23:31:20","slug":"about","status":"publish","type":"page","link":"https:\/\/clarsonpestcontrol.com\/es\/about\/","title":{"rendered":"Acerca de"},"content":{"rendered":"<div data-elementor-type=\"wp-page\" data-elementor-id=\"105\" class=\"elementor elementor-105\">\n\t\t\t\t\t\t<section class=\"elementor-section elementor-top-section elementor-element elementor-element-349f39a7 elementor-section-boxed elementor-section-height-default elementor-section-height-default\" data-id=\"349f39a7\" data-element_type=\"section\" data-settings=\"{&quot;background_background&quot;:&quot;classic&quot;}\">\n\t\t\t\t\t\t<div class=\"elementor-container elementor-column-gap-default\">\n\t\t\t\t\t<div class=\"elementor-column elementor-col-100 elementor-top-column elementor-element elementor-element-6d589acf\" data-id=\"6d589acf\" data-element_type=\"column\">\n\t\t\t<div class=\"elementor-widget-wrap elementor-element-populated\">\n\t\t\t\t\t\t<section class=\"elementor-section elementor-inner-section elementor-element elementor-element-3ac2476d elementor-section-boxed elementor-section-height-default elementor-section-height-default\" data-id=\"3ac2476d\" data-element_type=\"section\" data-settings=\"{&quot;animation&quot;:&quot;none&quot;}\">\n\t\t\t\t\t\t<div class=\"elementor-container elementor-column-gap-default\">\n\t\t\t\t\t<div class=\"elementor-column elementor-col-50 elementor-inner-column elementor-element elementor-element-4ab303b3 animated-slow elementor-invisible\" data-id=\"4ab303b3\" data-element_type=\"column\" data-settings=\"{&quot;animation&quot;:&quot;fadeInUp&quot;}\">\n\t\t\t<div class=\"elementor-widget-wrap elementor-element-populated\">\n\t\t\t\t\t\t<div class=\"elementor-element elementor-element-527bcf7d elementor-widget elementor-widget-image\" data-id=\"527bcf7d\" data-element_type=\"widget\" data-widget_type=\"image.default\">\n\t\t\t\t<div class=\"elementor-widget-container\">\n\t\t\t\t\t\t\t\t\t\t\t\t\t\t\t<img fetchpriority=\"high\" decoding=\"async\" width=\"500\" height=\"540\" src=\"https:\/\/clarsonpestcontrol.com\/wp-content\/uploads\/2025\/01\/carson-pest-control-gallery.jpg\" class=\"attachment-large size-large wp-image-720\" alt=\"\" srcset=\"https:\/\/clarsonpestcontrol.com\/wp-content\/uploads\/2025\/01\/carson-pest-control-gallery.jpg 500w, https:\/\/clarsonpestcontrol.com\/wp-content\/uploads\/2025\/01\/carson-pest-control-gallery-278x300.jpg 278w\" sizes=\"(max-width: 500px) 100vw, 500px\" \/>\t\t\t\t\t\t\t\t\t\t\t\t\t\t\t<\/div>\n\t\t\t\t<\/div>\n\t\t\t\t\t<\/div>\n\t\t<\/div>\n\t\t\t\t<div class=\"elementor-column elementor-col-50 elementor-inner-column elementor-element elementor-element-6b2a41f1 animated-slow elementor-invisible\" data-id=\"6b2a41f1\" data-element_type=\"column\" data-settings=\"{&quot;animation&quot;:&quot;fadeInUp&quot;,&quot;animation_delay&quot;:500}\">\n\t\t\t<div class=\"elementor-widget-wrap elementor-element-populated\">\n\t\t\t\t\t\t<div class=\"elementor-element elementor-element-a4309f3 elementor-widget elementor-widget-heading\" data-id=\"a4309f3\" data-element_type=\"widget\" data-widget_type=\"heading.default\">\n\t\t\t\t<div class=\"elementor-widget-container\">\n\t\t\t\t\t<h2 class=\"elementor-heading-title elementor-size-default\">Acerca De Nosotros <\/h2>\t\t\t\t<\/div>\n\t\t\t\t<\/div>\n\t\t\t\t<div class=\"elementor-element elementor-element-42537caa elementor-widget elementor-widget-heading\" data-id=\"42537caa\" data-element_type=\"widget\" data-widget_type=\"heading.default\">\n\t\t\t\t<div class=\"elementor-widget-container\">\n\t\t\t\t\t<h2 class=\"elementor-heading-title elementor-size-default\">Clarson<\/h2>\t\t\t\t<\/div>\n\t\t\t\t<\/div>\n\t\t\t\t<div class=\"elementor-element elementor-element-ee5d407 elementor-widget elementor-widget-heading\" data-id=\"ee5d407\" data-element_type=\"widget\" data-widget_type=\"heading.default\">\n\t\t\t\t<div class=\"elementor-widget-container\">\n\t\t\t\t\t<h2 class=\"elementor-heading-title elementor-size-default\">Control De Plagas<\/h2>\t\t\t\t<\/div>\n\t\t\t\t<\/div>\n\t\t\t\t<div class=\"elementor-element elementor-element-1c36e1b5 elementor-widget-divider--view-line elementor-widget elementor-widget-divider\" data-id=\"1c36e1b5\" data-element_type=\"widget\" data-widget_type=\"divider.default\">\n\t\t\t\t<div class=\"elementor-widget-container\">\n\t\t\t\t\t\t\t<div class=\"elementor-divider\">\n\t\t\t<span class=\"elementor-divider-separator\">\n\t\t\t\t\t\t<\/span>\n\t\t<\/div>\n\t\t\t\t\t\t<\/div>\n\t\t\t\t<\/div>\n\t\t\t\t<div class=\"elementor-element elementor-element-54332ad0 elementor-widget elementor-widget-text-editor\" data-id=\"54332ad0\" data-element_type=\"widget\" data-widget_type=\"text-editor.default\">\n\t\t\t\t<div class=\"elementor-widget-container\">\n\t\t\t\t\t\t\t\t\t<p><strong>Bienvenido a Clarson de Control de Plagas LLC<\/strong>, su socio de confianza en servicios de control de plagas en Miami, FL. Con un fuerte compromiso con la protecci\u00f3n de hogares y negocios de plagas no deseadas, nos especializamos en el control de hormigas, chinches de cama en el exterminio, la ara\u00f1a de control, el control de cucarachas y roedores de gesti\u00f3n. Nuestro objetivo es proporcionar eficaces y soluciones respetuosas del medio ambiente para garantizar su seguridad y la paz de la mente.<\/p>\t\t\t\t\t\t\t\t<\/div>\n\t\t\t\t<\/div>\n\t\t\t\t<div class=\"elementor-element elementor-element-5832ecfd elementor-align-left elementor-widget elementor-widget-button\" data-id=\"5832ecfd\" data-element_type=\"widget\" data-widget_type=\"button.default\">\n\t\t\t\t<div class=\"elementor-widget-container\">\n\t\t\t\t\t\t\t\t\t<div class=\"elementor-button-wrapper\">\n\t\t\t\t\t<a class=\"elementor-button elementor-button-link elementor-size-sm\" href=\"https:\/\/clarsonpestcontrol.com\/es\/contact-layout-1\/\">\n\t\t\t\t\t\t<span class=\"elementor-button-content-wrapper\">\n\t\t\t\t\t\t\t\t\t<span class=\"elementor-button-text\">CONTACTENOS!<\/span>\n\t\t\t\t\t<\/span>\n\t\t\t\t\t<\/a>\n\t\t\t\t<\/div>\n\t\t\t\t\t\t\t\t<\/div>\n\t\t\t\t<\/div>\n\t\t\t\t\t<\/div>\n\t\t<\/div>\n\t\t\t\t\t<\/div>\n\t\t<\/section>\n\t\t\t\t\t<\/div>\n\t\t<\/div>\n\t\t\t\t\t<\/div>\n\t\t<\/section>\n\t\t<div class=\"elementor-element elementor-element-5439d1a8 e-flex e-con-boxed e-con e-parent\" data-id=\"5439d1a8\" data-element_type=\"container\">\n\t\t\t\t\t<div class=\"e-con-inner\">\n\t\t\t\t<div class=\"elementor-element elementor-element-64634663 elementor-widget__width-initial elementor-widget-mobile__width-inherit elementor-widget elementor-widget-elementskit-heading\" data-id=\"64634663\" data-element_type=\"widget\" data-widget_type=\"elementskit-heading.default\">\n\t\t\t\t<div class=\"elementor-widget-container\">\n\t\t\t\t\t<div class=\"ekit-wid-con\" ><div class=\"ekit-heading elementskit-section-title-wraper text_center   ekit_heading_tablet-   ekit_heading_mobile-\"><h2 class=\"ekit-heading--title elementskit-section-title\">Empresa <span>Nuestra historia <\/span><\/h2><div class=\"ekit_heading_separetor_wraper ekit_heading_elementskit-border-divider elementskit-style-long\"><div class=\"elementskit-border-divider elementskit-style-long\"><\/div><\/div><\/div><\/div>\t\t\t\t<\/div>\n\t\t\t\t<\/div>\n\t\t\t\t<div class=\"elementor-element elementor-element-7fbb0d35 elementor-widget elementor-widget-elementskit-drop-caps\" data-id=\"7fbb0d35\" data-element_type=\"widget\" data-widget_type=\"elementskit-drop-caps.default\">\n\t\t\t\t<div class=\"elementor-widget-container\">\n\t\t\t\t\t<div class=\"ekit-wid-con\" >\t\t<div class=\"ekit-dropcap-wraper\">\n\t\t\t\t\t\t<p class=\"ekit-dropcap-cotnent\">Clarson de Control de Plagas LLC trae acumulado de control de plagas experiencia transmitido a trav\u00e9s de generaciones de profesionales dedicados. Fundada con la visi\u00f3n de la creaci\u00f3n libre de plagas espacios para que las familias y las empresas, nuestra empresa ha crecido de manera constante por permanecer fieles a nuestros principios de calidad, la integridad y la atenci\u00f3n al cliente. A trav\u00e9s de d\u00e9cadas de servicio, nos hemos convertido en un nombre de confianza en el control de plagas a trav\u00e9s de Miami y Broward.\n\n\n<\/p>\n\t\t\t\t\t<\/div>\n        <\/div>\t\t\t\t<\/div>\n\t\t\t\t<\/div>\n\t\t\t\t\t<\/div>\n\t\t\t\t<\/div>\n\t\t<div class=\"elementor-element elementor-element-6ce10399 e-flex e-con-boxed e-con e-parent\" data-id=\"6ce10399\" data-element_type=\"container\" id=\"xs_faq_5\">\n\t\t\t\t\t<div class=\"e-con-inner\">\n\t\t\t\t<div class=\"elementor-element elementor-element-16f2e81b elementor-widget elementor-widget-elementskit-heading\" data-id=\"16f2e81b\" data-element_type=\"widget\" data-widget_type=\"elementskit-heading.default\">\n\t\t\t\t<div class=\"elementor-widget-container\">\n\t\t\t\t\t<div class=\"ekit-wid-con\" ><div class=\"ekit-heading elementskit-section-title-wraper center   ekit_heading_tablet-   ekit_heading_mobile-\"><h2 class=\"ekit-heading--title elementskit-section-title\">Residencial y Comercial<\/h2><div class=\"ekit_heading_separetor_wraper ekit_heading_elementskit-border-divider ekit-dotted\"><div class=\"elementskit-border-divider ekit-dotted\"><\/div><\/div><\/div><\/div>\t\t\t\t<\/div>\n\t\t\t\t<\/div>\n\t\t<div class=\"elementor-element elementor-element-610075b8 e-con-full e-flex e-con e-child\" data-id=\"610075b8\" data-element_type=\"container\">\n\t\t\t\t<div class=\"elementor-element elementor-element-2bda22a8 elementor-widget elementor-widget-elementskit-faq\" data-id=\"2bda22a8\" data-element_type=\"widget\" data-widget_type=\"elementskit-faq.default\">\n\t\t\t\t<div class=\"elementor-widget-container\">\n\t\t\t\t\t<div class=\"ekit-wid-con\" >\n                <div class=\"elementskit-single-faq elementor-repeater-item-ccb3fc9\">\n            <div class=\"elementskit-faq-header\">\n                <h2 class=\"elementskit-faq-title\">Servicio Comercial<\/h2>\n            <\/div>\n            <div class=\"elementskit-faq-body\">\n                Hoteles, restaurantes, escuelas, edificios de oficinas, edificios industriales, cl\u00ednicas, etc.\nPresentamos una propuesta detallada de nuestros servicios con precios asequibles para todas las empresas.\n            <\/div>\n        <\/div>\n                \n    <\/div>\t\t\t\t<\/div>\n\t\t\t\t<\/div>\n\t\t\t\t<div class=\"elementor-element elementor-element-5b0723c7 elementor-widget elementor-widget-elementskit-faq\" data-id=\"5b0723c7\" data-element_type=\"widget\" data-widget_type=\"elementskit-faq.default\">\n\t\t\t\t<div class=\"elementor-widget-container\">\n\t\t\t\t\t<div class=\"ekit-wid-con\" >\n                <div class=\"elementskit-single-faq elementor-repeater-item-e12c595\">\n            <div class=\"elementskit-faq-header\">\n                <h2 class=\"elementskit-faq-title\">Servicio Residencial<\/h2>\n            <\/div>\n            <div class=\"elementskit-faq-body\">\n                Las hormigas de control, las garrapatas de control de ara\u00f1a de control de las cucarachas de control, etc.\nSe ajustan los horarios de visita de acuerdo a las necesidades y utilizamos s\u00f3lo productos org\u00e1nicos siguiendo los par\u00e1metros establecidos.            <\/div>\n        <\/div>\n                \n    <\/div>\t\t\t\t<\/div>\n\t\t\t\t<\/div>\n\t\t\t\t<\/div>\n\t\t\t\t\t<\/div>\n\t\t\t\t<\/div>\n\t\t<div class=\"elementor-element elementor-element-b8cdc23 e-flex e-con-boxed e-con e-parent\" data-id=\"b8cdc23\" data-element_type=\"container\">\n\t\t\t\t\t<div class=\"e-con-inner\">\n\t\t\t\t\t<\/div>\n\t\t\t\t<\/div>\n\t\t<div class=\"elementor-element elementor-element-b77d87e e-flex e-con-boxed e-con e-parent\" data-id=\"b77d87e\" data-element_type=\"container\">\n\t\t\t\t\t<div class=\"e-con-inner\">\n\t\t\t\t<div class=\"elementor-element elementor-element-368ba52 elementor-widget elementor-widget-heading\" data-id=\"368ba52\" data-element_type=\"widget\" data-widget_type=\"heading.default\">\n\t\t\t\t<div class=\"elementor-widget-container\">\n\t\t\t\t\t<h2 class=\"elementor-heading-title elementor-size-default\">Misi\u00f3n y Visi\u00f3n<\/h2>\t\t\t\t<\/div>\n\t\t\t\t<\/div>\n\t\t\t\t\t<\/div>\n\t\t\t\t<\/div>\n\t\t<div class=\"elementor-element elementor-element-720a06a e-flex e-con-boxed e-con e-parent\" data-id=\"720a06a\" data-element_type=\"container\">\n\t\t\t\t\t<div class=\"e-con-inner\">\n\t\t\t\t<div class=\"elementor-element elementor-element-db68fbb elementor-widget elementor-widget-text-editor\" data-id=\"db68fbb\" data-element_type=\"widget\" data-widget_type=\"text-editor.default\">\n\t\t\t\t<div class=\"elementor-widget-container\">\n\t\t\t\t\t\t\t\t\t<p data-pm-slice=\"1 1 []\"><span style=\"color: #008000;\">En <strong>Clarson de Control de Plagas LLC<\/strong>nuestra misi\u00f3n es ofrecer seguros, fiables y eficaces de control de plagas servicios adaptados para satisfacer las necesidades \u00fanicas de cada cliente. Nuestro objetivo es superar las expectativas mediante la combinaci\u00f3n de nuestra experiencia con la tecnolog\u00eda de vanguardia. Nuestra visi\u00f3n es ser el l\u00edder en control de plagas proveedor en la regi\u00f3n, fomentando la vida saludable y ambientes de trabajo para nuestra comunidad.<\/span><\/p>\t\t\t\t\t\t\t\t<\/div>\n\t\t\t\t<\/div>\n\t\t\t\t<div class=\"elementor-element elementor-element-bf8825f elementor-widget elementor-widget-heading\" data-id=\"bf8825f\" data-element_type=\"widget\" data-widget_type=\"heading.default\">\n\t\t\t\t<div class=\"elementor-widget-container\">\n\t\t\t\t\t<h2 class=\"elementor-heading-title elementor-size-default\">Los Valores Fundamentales De<\/h2>\t\t\t\t<\/div>\n\t\t\t\t<\/div>\n\t\t\t\t<div class=\"elementor-element elementor-element-c1da997 elementor-widget elementor-widget-text-editor\" data-id=\"c1da997\" data-element_type=\"widget\" data-widget_type=\"text-editor.default\">\n\t\t\t\t<div class=\"elementor-widget-container\">\n\t\t\t\t\t\t\t\t\t<ul><li><strong>Integridad<\/strong>: Mantenemos los m\u00e1s altos est\u00e1ndares \u00e9ticos en todos los aspectos de nuestras operaciones, asegurando la honestidad y la transparencia en todas las interacciones.<\/li><li><strong>Calidad<\/strong>: Nuestro compromiso con la excelencia es evidente en el meticuloso enfoque que le damos a cada control de plagas soluci\u00f3n.<\/li><li><strong>Enfoque En El Cliente<\/strong>: Su satisfacci\u00f3n es nuestra m\u00e1xima prioridad. Escuchamos sus inquietudes y proporcionar soluciones personalizadas para satisfacer sus necesidades espec\u00edficas.<\/li><li><strong>El Apoyo De La Comunidad<\/strong>: Como una propiedad local de negocio, estamos orgullosos de dar la espalda a nuestra comunidad mediante el apoyo a las iniciativas locales y la promoci\u00f3n de la sostenibilidad ambiental.<\/li><\/ul><h2 style=\"text-align: center;\" data-pm-slice=\"1 1 []\">Servicios<\/h2><p><strong>Clarson de Control de Plagas LLC<\/strong> ofrece una amplia gama de servicios de control de plagas dise\u00f1ado para satisfacer las diversas necesidades de los clientes:<\/p><ul data-spread=\"false\"><li><p><strong>Control De Hormigas<\/strong>: Soluciones efectivas para eliminar las infestaciones de hormigas y prevenir su recurrencia.<\/p><\/li><li><p><strong>Control De Chinches De Cama<\/strong>: Tratamientos especializados para erradicar los insectos de la cama de su casa o negocio.<\/p><\/li><li><p><strong>Control de Ara\u00f1as<\/strong>: Servicios integrales para gestionar y eliminar la ara\u00f1a infestaciones de forma segura.<\/p><\/li><li><p><strong>Control De Roedores<\/strong>: Estrategias avanzadas para hacer frente a los roedores, la protecci\u00f3n de su propiedad y de la salud.<\/p><\/li><li><p><strong>Exterminio De Cucarachas<\/strong>: M\u00e9todos de probada eficacia para eliminar las infestaciones de cucarachas y mantener un ambiente limpio, libre de plagas medio ambiente.<\/p><\/li><\/ul><h2 style=\"text-align: center;\">Tecnolog\u00edas Ecol\u00f3gicas<\/h2><p>Estamos comprometidos con el uso ambientalmente responsable de m\u00e9todos de control de plagas que proteger a nuestros clientes y el planeta. Nuestro eco-friendly tecnolog\u00edas incluyen:<\/p><ul data-spread=\"false\"><li><p><strong>Verde De Control De Plagas Soluciones<\/strong>: El uso de no-t\u00f3xicos, productos biodegradables para gestionar eficazmente las plagas sin da\u00f1ar el medio ambiente.<\/p><\/li><li><p><strong>Manejo integrado de Plagas (MIP)<\/strong>: Un enfoque hol\u00edstico que combina la prevenci\u00f3n, vigilancia y control para reducir el uso de pesticidas y de impacto ambiental.<\/p><\/li><li><p><strong>Los Equipos Que Ahorran Energ\u00eda<\/strong>: El empleo de modernas herramientas y tecnolog\u00edas dise\u00f1adas para la precisi\u00f3n y reduce el consumo de energ\u00eda.<\/p><\/li><li><p><strong>Eco-Consciente De Las Pr\u00e1cticas De Eliminaci\u00f3n De<\/strong>: Garantizar que todos los materiales de desecho y productos qu\u00edmicos son eliminados en forma segura y de manera responsable para evitar la contaminaci\u00f3n.<\/p><\/li><\/ul><p>Mediante la adopci\u00f3n de estas tecnolog\u00edas de avanzada, nos esforzamos para proporcionar sostenible de control de plagas soluciones en l\u00ednea con nuestro compromiso con el medio ambiente.<\/p><h2 style=\"text-align: center;\">Equipo y Ambiente de Trabajo<\/h2><p>Nuestro equipo en Clarson de Control de Plagas LLC comprende altamente entrenados y experimentados y profesionales apasionado de control de plagas. Fomentamos un ambiente de trabajo propicio que fomente el aprendizaje continuo y la innovaci\u00f3n, asegurando que nuestro personal est\u00e1 equipado con las \u00faltimas herramientas y t\u00e9cnicas para ofrecer un servicio excepcional.<\/p><h2>\u00a0<\/h2>\t\t\t\t\t\t\t\t<\/div>\n\t\t\t\t<\/div>\n\t\t\t\t\t<\/div>\n\t\t\t\t<\/div>\n\t\t<div class=\"elementor-element elementor-element-a349b6c e-flex e-con-boxed e-con e-parent\" data-id=\"a349b6c\" data-element_type=\"container\">\n\t\t\t\t\t<div class=\"e-con-inner\">\n\t\t<div class=\"elementor-element elementor-element-9404824 e-grid e-con-full e-con e-child\" data-id=\"9404824\" data-element_type=\"container\">\n\t\t\t\t<div class=\"elementor-element elementor-element-9df11b4 elementor-widget elementor-widget-image\" data-id=\"9df11b4\" data-element_type=\"widget\" data-widget_type=\"image.default\">\n\t\t\t\t<div class=\"elementor-widget-container\">\n\t\t\t\t\t\t\t\t\t\t\t\t\t\t\t<img decoding=\"async\" width=\"500\" height=\"419\" src=\"https:\/\/clarsonpestcontrol.com\/wp-content\/uploads\/2025\/01\/el-mundo-de-los-insectos2.jpg\" class=\"attachment-large size-large wp-image-794\" alt=\"\" srcset=\"https:\/\/clarsonpestcontrol.com\/wp-content\/uploads\/2025\/01\/el-mundo-de-los-insectos2.jpg 500w, https:\/\/clarsonpestcontrol.com\/wp-content\/uploads\/2025\/01\/el-mundo-de-los-insectos2-300x251.jpg 300w, https:\/\/clarsonpestcontrol.com\/wp-content\/uploads\/2025\/01\/el-mundo-de-los-insectos2-14x12.jpg 14w, https:\/\/clarsonpestcontrol.com\/wp-content\/uploads\/2025\/01\/el-mundo-de-los-insectos2-100x84.jpg 100w\" sizes=\"(max-width: 500px) 100vw, 500px\" \/>\t\t\t\t\t\t\t\t\t\t\t\t\t\t\t<\/div>\n\t\t\t\t<\/div>\n\t\t\t\t<div class=\"elementor-element elementor-element-1504a56 elementor-widget elementor-widget-image\" data-id=\"1504a56\" data-element_type=\"widget\" data-widget_type=\"image.default\">\n\t\t\t\t<div class=\"elementor-widget-container\">\n\t\t\t\t\t\t\t\t\t\t\t\t\t\t\t<img decoding=\"async\" width=\"500\" height=\"419\" src=\"https:\/\/clarsonpestcontrol.com\/wp-content\/uploads\/2025\/01\/el-mundo-de-los-insectos3.jpg\" class=\"attachment-large size-large wp-image-796\" alt=\"\" srcset=\"https:\/\/clarsonpestcontrol.com\/wp-content\/uploads\/2025\/01\/el-mundo-de-los-insectos3.jpg 500w, https:\/\/clarsonpestcontrol.com\/wp-content\/uploads\/2025\/01\/el-mundo-de-los-insectos3-300x251.jpg 300w, https:\/\/clarsonpestcontrol.com\/wp-content\/uploads\/2025\/01\/el-mundo-de-los-insectos3-14x12.jpg 14w, https:\/\/clarsonpestcontrol.com\/wp-content\/uploads\/2025\/01\/el-mundo-de-los-insectos3-100x84.jpg 100w\" sizes=\"(max-width: 500px) 100vw, 500px\" \/>\t\t\t\t\t\t\t\t\t\t\t\t\t\t\t<\/div>\n\t\t\t\t<\/div>\n\t\t\t\t<div class=\"elementor-element elementor-element-5d31572 elementor-widget elementor-widget-image\" data-id=\"5d31572\" data-element_type=\"widget\" data-widget_type=\"image.default\">\n\t\t\t\t<div class=\"elementor-widget-container\">\n\t\t\t\t\t\t\t\t\t\t\t\t\t\t\t<img loading=\"lazy\" decoding=\"async\" width=\"500\" height=\"410\" src=\"https:\/\/clarsonpestcontrol.com\/wp-content\/uploads\/2025\/01\/el-mundo-de-los-insectos.jpg\" class=\"attachment-large size-large wp-image-795\" alt=\"\" srcset=\"https:\/\/clarsonpestcontrol.com\/wp-content\/uploads\/2025\/01\/el-mundo-de-los-insectos.jpg 500w, https:\/\/clarsonpestcontrol.com\/wp-content\/uploads\/2025\/01\/el-mundo-de-los-insectos-300x246.jpg 300w, https:\/\/clarsonpestcontrol.com\/wp-content\/uploads\/2025\/01\/el-mundo-de-los-insectos-15x12.jpg 15w\" sizes=\"(max-width: 500px) 100vw, 500px\" \/>\t\t\t\t\t\t\t\t\t\t\t\t\t\t\t<\/div>\n\t\t\t\t<\/div>\n\t\t\t\t<div class=\"elementor-element elementor-element-e846a0a elementor-widget elementor-widget-image\" data-id=\"e846a0a\" data-element_type=\"widget\" data-widget_type=\"image.default\">\n\t\t\t\t<div class=\"elementor-widget-container\">\n\t\t\t\t\t\t\t\t\t\t\t\t\t\t\t<img loading=\"lazy\" decoding=\"async\" width=\"500\" height=\"419\" src=\"https:\/\/clarsonpestcontrol.com\/wp-content\/uploads\/2025\/01\/el-mundo-de-los-insectos4.jpg\" class=\"attachment-large size-large wp-image-800\" alt=\"\" srcset=\"https:\/\/clarsonpestcontrol.com\/wp-content\/uploads\/2025\/01\/el-mundo-de-los-insectos4.jpg 500w, https:\/\/clarsonpestcontrol.com\/wp-content\/uploads\/2025\/01\/el-mundo-de-los-insectos4-300x251.jpg 300w, https:\/\/clarsonpestcontrol.com\/wp-content\/uploads\/2025\/01\/el-mundo-de-los-insectos4-14x12.jpg 14w, https:\/\/clarsonpestcontrol.com\/wp-content\/uploads\/2025\/01\/el-mundo-de-los-insectos4-100x84.jpg 100w\" sizes=\"(max-width: 500px) 100vw, 500px\" \/>\t\t\t\t\t\t\t\t\t\t\t\t\t\t\t<\/div>\n\t\t\t\t<\/div>\n\t\t\t\t<div class=\"elementor-element elementor-element-c5624e1 elementor-widget elementor-widget-image\" data-id=\"c5624e1\" data-element_type=\"widget\" data-widget_type=\"image.default\">\n\t\t\t\t<div class=\"elementor-widget-container\">\n\t\t\t\t\t\t\t\t\t\t\t\t\t\t\t<img loading=\"lazy\" decoding=\"async\" width=\"500\" height=\"419\" src=\"https:\/\/clarsonpestcontrol.com\/wp-content\/uploads\/2025\/01\/clarson-pest-control-logo5.jpg\" class=\"attachment-large size-large wp-image-804\" alt=\"\" srcset=\"https:\/\/clarsonpestcontrol.com\/wp-content\/uploads\/2025\/01\/clarson-pest-control-logo5.jpg 500w, https:\/\/clarsonpestcontrol.com\/wp-content\/uploads\/2025\/01\/clarson-pest-control-logo5-300x251.jpg 300w, https:\/\/clarsonpestcontrol.com\/wp-content\/uploads\/2025\/01\/clarson-pest-control-logo5-14x12.jpg 14w, https:\/\/clarsonpestcontrol.com\/wp-content\/uploads\/2025\/01\/clarson-pest-control-logo5-100x84.jpg 100w\" sizes=\"(max-width: 500px) 100vw, 500px\" \/>\t\t\t\t\t\t\t\t\t\t\t\t\t\t\t<\/div>\n\t\t\t\t<\/div>\n\t\t\t\t<div class=\"elementor-element elementor-element-227118d elementor-widget elementor-widget-image\" data-id=\"227118d\" data-element_type=\"widget\" data-widget_type=\"image.default\">\n\t\t\t\t<div class=\"elementor-widget-container\">\n\t\t\t\t\t\t\t\t\t\t\t\t\t\t\t<img loading=\"lazy\" decoding=\"async\" width=\"500\" height=\"419\" src=\"https:\/\/clarsonpestcontrol.com\/wp-content\/uploads\/2025\/01\/el-mundo-de-los-insectos5.jpg\" class=\"attachment-large size-large wp-image-802\" alt=\"\" srcset=\"https:\/\/clarsonpestcontrol.com\/wp-content\/uploads\/2025\/01\/el-mundo-de-los-insectos5.jpg 500w, https:\/\/clarsonpestcontrol.com\/wp-content\/uploads\/2025\/01\/el-mundo-de-los-insectos5-300x251.jpg 300w, https:\/\/clarsonpestcontrol.com\/wp-content\/uploads\/2025\/01\/el-mundo-de-los-insectos5-14x12.jpg 14w, https:\/\/clarsonpestcontrol.com\/wp-content\/uploads\/2025\/01\/el-mundo-de-los-insectos5-100x84.jpg 100w\" sizes=\"(max-width: 500px) 100vw, 500px\" \/>\t\t\t\t\t\t\t\t\t\t\t\t\t\t\t<\/div>\n\t\t\t\t<\/div>\n\t\t\t\t<\/div>\n\t\t\t\t\t<\/div>\n\t\t\t\t<\/div>\n\t\t\t\t<\/div>","protected":false},"excerpt":{"rendered":"<p>About Us Clarson Pest Control Welcome to Clarson Pest Control LLC, your trusted partner in pest control services in Miami, FL. With a strong commitment to protecting homes and businesses from unwanted pests, we specialize in ant control, bed bug extermination, spider control, cockroach control and rodent management. Our goal is to provide effective and<br \/><a class=\"moretag\" href=\"https:\/\/clarsonpestcontrol.com\/es\/about\/\">+ Read More<\/a><\/p>","protected":false},"author":1,"featured_media":0,"parent":0,"menu_order":0,"comment_status":"closed","ping_status":"closed","template":"templates\/page-builder.php","meta":{"postBodyCss":"","postBodyMargin":[],"postBodyPadding":[],"postBodyBackground":{"backgroundType":"classic","gradient":""},"enableOnePageScrollInPage":false,"onePageScrollCss":"","onePageScrollSpeed":1000,"onePageScrollAnimation":"easeInOutQuad","onePageScrollShowDotNavigation":true,"onePageScrollNavigation":"scaleUp","onePageScrollNavigationPosition":"right","onePageScrollNavigationHorizontal":[],"onePageScrollNavigationVertical":[],"onePageScrollNavigationSpacing":[],"onePageScrollNavigationColor":"#00ff0d","onePageScrollNavigationColorHover":"#00ff0d","onePageScrollNavigationColorActive":"#00ff0d","onePageScrollNavigationIcon":[],"onePageScrollNavigationWidth":[],"onePageScrollNavigationWidthHover":[],"onePageScrollNavigationWidthActive":[],"onePageScrollNavigationHeight":[],"onePageScrollNavigationHeightHover":[],"onePageScrollNavigationHeightActive":[],"onePageScrollNavigationBorder":[],"onePageScrollNavigationBorderHover":[],"onePageScrollNavigationBorderActive":[],"onePageScrollNavigationBorderRadius":[],"onePageScrollNavigationBorderRadiusHover":[],"onePageScrollNavigationBorderRadiusActive":[],"onePageScrollNavigationTooltipTypography":[],"onePageScrollNavigationTooltipColor":"#ffffff","onePageScrollNavigationTooltipColorHover":"","onePageScrollNavigationTooltipBgColor":"#00ff0d","onePageScrollNavigationTooltipBgColorHover":"","onePageScrollNavigationTooltipPadding":[],"onePageScrollNavigationTooltipPaddingHover":[],"onePageScrollNavigationTooltipBorderRadius":[],"onePageScrollNavigationTooltipBorderRadiusHover":[],"pageSettingsCustomCss":"","footnotes":""},"class_list":["post-105","page","type-page","status-publish","hentry"],"_links":{"self":[{"href":"https:\/\/clarsonpestcontrol.com\/es\/wp-json\/wp\/v2\/pages\/105","targetHints":{"allow":["GET"]}}],"collection":[{"href":"https:\/\/clarsonpestcontrol.com\/es\/wp-json\/wp\/v2\/pages"}],"about":[{"href":"https:\/\/clarsonpestcontrol.com\/es\/wp-json\/wp\/v2\/types\/page"}],"author":[{"embeddable":true,"href":"https:\/\/clarsonpestcontrol.com\/es\/wp-json\/wp\/v2\/users\/1"}],"replies":[{"embeddable":true,"href":"https:\/\/clarsonpestcontrol.com\/es\/wp-json\/wp\/v2\/comments?post=105"}],"version-history":[{"count":64,"href":"https:\/\/clarsonpestcontrol.com\/es\/wp-json\/wp\/v2\/pages\/105\/revisions"}],"predecessor-version":[{"id":807,"href":"https:\/\/clarsonpestcontrol.com\/es\/wp-json\/wp\/v2\/pages\/105\/revisions\/807"}],"wp:attachment":[{"href":"https:\/\/clarsonpestcontrol.com\/es\/wp-json\/wp\/v2\/media?parent=105"}],"curies":[{"name":"wp","href":"https:\/\/api.w.org\/{rel}","templated":true}]}}