{"id":397,"date":"2025-01-16T00:18:04","date_gmt":"2025-01-16T00:18:04","guid":{"rendered":"https:\/\/clarsonpestcontrol.com\/?page_id=397"},"modified":"2025-01-20T21:29:58","modified_gmt":"2025-01-20T21:29:58","slug":"ant-control-service","status":"publish","type":"page","link":"https:\/\/clarsonpestcontrol.com\/es\/ant-control-service\/","title":{"rendered":"Control De Hormigas"},"content":{"rendered":"<h2 class=\"wp-block-heading\">Principales Beneficios de Ant Control de Servicio en Miami, FL<\/h2>\n\n\n\n<p>La elecci\u00f3n de &#034;<strong>Clarson de Control de Plagas LLC<\/strong>&#034;para el control de hormigas en servicio en Miami, FL promete una experiencia sin igual, atenci\u00f3n personalizada, y la fiabilidad de los resultados.<\/p>\n\n\n\n<p><strong>Aqu\u00ed est\u00e1n algunas ventajas clave:<\/strong><\/p>\n\n\n<div class=\"wp-block-image\">\n<figure class=\"alignleft size-full\"><img fetchpriority=\"high\" decoding=\"async\" width=\"370\" height=\"308\" src=\"https:\/\/clarsonpestcontrol.com\/wp-content\/uploads\/2019\/10\/blog3.jpg\" alt=\"Close-up image of five black ants with reddish-brown legs on a white textured surface. The ants appear to be interacting or moving in different directions.\" class=\"wp-image-43\" srcset=\"https:\/\/clarsonpestcontrol.com\/wp-content\/uploads\/2019\/10\/blog3.jpg 370w, https:\/\/clarsonpestcontrol.com\/wp-content\/uploads\/2019\/10\/blog3-300x250.jpg 300w, https:\/\/clarsonpestcontrol.com\/wp-content\/uploads\/2019\/10\/blog3-100x84.jpg 100w\" sizes=\"(max-width: 370px) 100vw, 370px\" \/><\/figure>\n<\/div>\n\n\n<hr class=\"wp-block-separator has-alpha-channel-opacity\"\/>\n\n\n\n<h3 class=\"wp-block-heading\">Beneficio #1<\/h3>\n\n\n\n<ul class=\"wp-block-list\">\n<li>Protege tu hogar o negocio desde da\u00f1os a la propiedad causados por las hormigas.<\/li>\n\n\n\n<li>Tratamientos especializados eliminar las hormigas carpinteras, las hormigas de fuego, y otras especies invasoras de forma r\u00e1pida y eficaz.<\/li>\n<\/ul>\n\n\n\n<hr class=\"wp-block-separator has-alpha-channel-opacity\"\/>\n\n\n\n<h3 class=\"wp-block-heading\">Beneficio #2<\/h3>\n\n\n\n<ul class=\"wp-block-list\">\n<li>Asegura una higiene y un ambiente seguro para su familia o empleados.<\/li>\n\n\n\n<li>Control de hormigas minimiza los riesgos de contaminaci\u00f3n y promueve las normas de salud.<\/li>\n<\/ul>\n\n\n\n<hr class=\"wp-block-separator has-alpha-channel-opacity\"\/>\n\n\n\n<h3 class=\"wp-block-heading\">Beneficio #3<\/h3>\n\n\n\n<ul class=\"wp-block-list\">\n<li>Ofrece soluciones ecol\u00f3gicas a la medida de Miami clima y urbanas.<\/li>\n\n\n\n<li>Los tratamientos son seguros para las mascotas, los ni\u00f1os y el medio ambiente.<\/li>\n<\/ul>\n\n\n\n<hr class=\"wp-block-separator has-alpha-channel-opacity\"\/>\n\n\n\n<h3 class=\"wp-block-heading\">Beneficio #4<\/h3>\n\n\n\n<ul class=\"wp-block-list\">\n<li>Previene infestaciones recurrentes con estrategias proactivas.<\/li>\n\n\n\n<li>Nuestros programas de mantenimiento incluyen inspecciones detalladas y tratamientos preventivos.<\/li>\n<\/ul>\n\n\n\n<hr class=\"wp-block-separator has-alpha-channel-opacity\"\/>\n\n\n\n<h3 class=\"wp-block-heading\">Beneficio #5<\/h3>\n\n\n\n<ul class=\"wp-block-list\">\n<li>Aumenta el valor de la propiedad mediante la eliminaci\u00f3n de plagas relacionadas con problemas.<\/li>\n\n\n\n<li>A largo plazo libre de plagas entornos de aumentar el atractivo y el potencial de comercializaci\u00f3n.<\/li>\n<\/ul>\n\n\n\n<hr class=\"wp-block-separator has-alpha-channel-opacity\"\/>\n\n\n\n<h3 class=\"wp-block-heading\">Beneficio #6<\/h3>\n\n\n\n<ul class=\"wp-block-list\">\n<li>Reduce el estr\u00e9s y mejora la calidad de vida.<\/li>\n\n\n\n<li>Experto en control de hormigas asegura la paz de la mente por la protecci\u00f3n de su espacio.<\/li>\n<\/ul>\n\n\n\n<hr class=\"wp-block-separator has-alpha-channel-opacity\"\/>\n\n\n\n<h3 class=\"wp-block-heading\">Beneficio #7<\/h3>\n\n\n\n<ul class=\"wp-block-list\">\n<li>Ahorra tiempo y dinero con un eficiente y costo-efectiva de los servicios.<\/li>\n\n\n\n<li>Evitar BRICOLAJE errores con nuestro profesional de control de plagas.<\/li>\n<\/ul>\n\n\n\n<hr class=\"wp-block-separator has-alpha-channel-opacity\"\/>\n\n\n\n<h3 class=\"wp-block-heading\">Beneficio #8<\/h3>\n\n\n\n<ul class=\"wp-block-list\">\n<li>Servicios personalizados a la medida de Miami diversas propiedades.<\/li>\n\n\n\n<li>Estamos frente a desaf\u00edos \u00fanicos en espacios residenciales y comerciales.<\/li>\n<\/ul>\n\n\n\n<hr class=\"wp-block-separator has-alpha-channel-opacity\"\/>\n\n\n\n<h3 class=\"wp-block-heading\">Beneficio #9<\/h3>\n\n\n\n<ul class=\"wp-block-list\">\n<li>Detallada de seguimiento y apoyo a asegurar resultados duraderos.<\/li>\n\n\n\n<li>Nuestros expertos est\u00e1n disponibles para consultas y servicios en curso.<\/li>\n<\/ul>\n\n\n\n<hr class=\"wp-block-separator has-alpha-channel-opacity\"\/>\n\n\n\n<h3 class=\"wp-block-heading\">Beneficio #10<\/h3>\n\n\n\n<ul class=\"wp-block-list\">\n<li>Respaldado por un expediente de pista probado positivos y testimonios de clientes.<\/li>\n\n\n\n<li>&#034;Su servicio ha hecho de nuestro hogar un santuario de nuevo!&#034; \u2013 Lucas F.<\/li>\n<\/ul>\n\n\n\n<h2 class=\"wp-block-heading\">Bienvenido Ant Control de Servicio en Miami, FL<\/h2>\n\n\n\n<p><\/p>\n\n\n\n<p>Adyacente ciudades y barrios donde nuestro control de Hormigas en el Servicio deja una impresi\u00f3n duradera de alegr\u00eda y satisfacci\u00f3n:<\/p>\n\n\n\n<ul class=\"wp-block-list\">\n<li><strong>Miami Gardens<\/strong>: &#034;Conocido por su vibrante comunidad y el clima soleado, nuestra hormiga m\u00e9todos de prevenci\u00f3n de garantizar su patio trasero Barbacoas son felices y libres de errores.&#034;<\/li>\n\n\n\n<li><strong>Miami Beach<\/strong>: &#034;En este para\u00edso frente al mar, se mantienen sus hogares pr\u00edstina mediante la prevenci\u00f3n de hormigas marchando y que altera la serena vistas.&#034;<\/li>\n\n\n\n<li><strong>Homestead<\/strong>: &#034;Rodeado de exuberantes tierras de labranza, podemos ayudar a los lugare\u00f1os a mantener ant-viviendas libres para que puedan centrarse en disfrutar de la belleza natural que los rodea.&#034;<\/li>\n\n\n\n<li><strong>Hialeah<\/strong>: &#034;Un bullicioso centro de la cultura y la tradici\u00f3n, nuestros servicios est\u00e1n dise\u00f1ados para proteger los hogares de no deseados hormiga invasiones en esta vibrante ciudad.&#034;<\/li>\n\n\n\n<li><strong>Fort Lauderdale<\/strong>: &#034;Con sus canales y v\u00edas fluviales, nos aseguramos de hormigas estancia fuera, dejando a los residentes de relajarse en su pedazo de Venecia en la Florida.&#034;<\/li>\n\n\n\n<li><strong>Pembroke Pines<\/strong>: &#034;Ubicado en los suburbios de tranquilidad, nuestro control de hormigas asegura que las familias pueden disfrutar de la paz de la mente en su acogedor barrios&#034;.<\/li>\n\n\n\n<li><strong>Hollywood<\/strong>: &#034;Famoso por su paseo mar\u00edtimo, nuestra hormiga soluciones aseg\u00farese de hogares mantenerse como encantador y acogedor como la propia ciudad.&#034;<\/li>\n\n\n\n<li><strong>Miramar<\/strong>: &#034;En esta ciudad de la belleza y el equilibrio, nuestra hormiga de disuasi\u00f3n de los servicios de ayuda a preservar la armon\u00eda de cada casa&#034;.<\/li>\n\n\n\n<li><strong>Doral<\/strong>: &#034;Un centro de negocios y de la vida familiar, hemos de mantener a las hormigas en la bah\u00eda para que los residentes puedan centrarse en prosperando en sus estilos de vida ocupados.&#034;<\/li>\n<\/ul>\n\n\n\n<h4 class=\"wp-block-heading\">Tambi\u00e9n atendemos a los siguientes barrios dentro de Miami, FL:<\/h4>\n\n\n\n<ul class=\"wp-block-list\">\n<li>La Peque\u00f1a Habana<\/li>\n\n\n\n<li>Allapattah<\/li>\n\n\n\n<li>Coral Way<\/li>\n\n\n\n<li>El Peque\u00f1o Hait\u00ed<\/li>\n\n\n\n<li>Brickell<\/li>\n\n\n\n<li>Wynwood<\/li>\n\n\n\n<li>Flagami<\/li>\n\n\n\n<li>Liberty City<\/li>\n\n\n\n<li>Upper Eastside<\/li>\n\n\n\n<li>Edgewater<\/li>\n\n\n\n<li>Centro de la ciudad<\/li>\n\n\n\n<li>Modelo De Ciudad<\/li>\n\n\n\n<li>Coconut Grove<\/li>\n\n\n\n<li>Overtown<\/li>\n\n\n\n<li>West Flagler<\/li>\n<\/ul>","protected":false},"excerpt":{"rendered":"<p>Main Benefits of Ant Control Service in Miami, FL Choosing &#8220;Clarson Pest Control LLC&#8221; for ant control service in Miami, FL promises unmatched expertise, personalized care, and reliable results. Here are some key benefits: Benefit #1 Benefit #2 Benefit #3 Benefit #4 Benefit #5 Benefit #6 Benefit #7 Benefit #8 Benefit #9 Benefit #10 Welcome<br \/><a class=\"moretag\" href=\"https:\/\/clarsonpestcontrol.com\/es\/ant-control-service\/\">+ Read More<\/a><\/p>","protected":false},"author":1,"featured_media":0,"parent":0,"menu_order":0,"comment_status":"closed","ping_status":"closed","template":"templates\/page-nosidebar_template.php","meta":{"postBodyCss":"","postBodyMargin":[],"postBodyPadding":[],"postBodyBackground":{"backgroundType":"classic","gradient":""},"enableOnePageScrollInPage":false,"onePageScrollCss":"","onePageScrollSpeed":1000,"onePageScrollAnimation":"easeInOutQuad","onePageScrollShowDotNavigation":true,"onePageScrollNavigation":"scaleUp","onePageScrollNavigationPosition":"right","onePageScrollNavigationHorizontal":[],"onePageScrollNavigationVertical":[],"onePageScrollNavigationSpacing":[],"onePageScrollNavigationColor":"#00ff0d","onePageScrollNavigationColorHover":"#00ff0d","onePageScrollNavigationColorActive":"#00ff0d","onePageScrollNavigationIcon":[],"onePageScrollNavigationWidth":[],"onePageScrollNavigationWidthHover":[],"onePageScrollNavigationWidthActive":[],"onePageScrollNavigationHeight":[],"onePageScrollNavigationHeightHover":[],"onePageScrollNavigationHeightActive":[],"onePageScrollNavigationBorder":[],"onePageScrollNavigationBorderHover":[],"onePageScrollNavigationBorderActive":[],"onePageScrollNavigationBorderRadius":[],"onePageScrollNavigationBorderRadiusHover":[],"onePageScrollNavigationBorderRadiusActive":[],"onePageScrollNavigationTooltipTypography":[],"onePageScrollNavigationTooltipColor":"#ffffff","onePageScrollNavigationTooltipColorHover":"","onePageScrollNavigationTooltipBgColor":"#00ff0d","onePageScrollNavigationTooltipBgColorHover":"","onePageScrollNavigationTooltipPadding":[],"onePageScrollNavigationTooltipPaddingHover":[],"onePageScrollNavigationTooltipBorderRadius":[],"onePageScrollNavigationTooltipBorderRadiusHover":[],"pageSettingsCustomCss":"","footnotes":""},"class_list":["post-397","page","type-page","status-publish","hentry"],"_links":{"self":[{"href":"https:\/\/clarsonpestcontrol.com\/es\/wp-json\/wp\/v2\/pages\/397","targetHints":{"allow":["GET"]}}],"collection":[{"href":"https:\/\/clarsonpestcontrol.com\/es\/wp-json\/wp\/v2\/pages"}],"about":[{"href":"https:\/\/clarsonpestcontrol.com\/es\/wp-json\/wp\/v2\/types\/page"}],"author":[{"embeddable":true,"href":"https:\/\/clarsonpestcontrol.com\/es\/wp-json\/wp\/v2\/users\/1"}],"replies":[{"embeddable":true,"href":"https:\/\/clarsonpestcontrol.com\/es\/wp-json\/wp\/v2\/comments?post=397"}],"version-history":[{"count":9,"href":"https:\/\/clarsonpestcontrol.com\/es\/wp-json\/wp\/v2\/pages\/397\/revisions"}],"predecessor-version":[{"id":810,"href":"https:\/\/clarsonpestcontrol.com\/es\/wp-json\/wp\/v2\/pages\/397\/revisions\/810"}],"wp:attachment":[{"href":"https:\/\/clarsonpestcontrol.com\/es\/wp-json\/wp\/v2\/media?parent=397"}],"curies":[{"name":"wp","href":"https:\/\/api.w.org\/{rel}","templated":true}]}}