{"id":442,"date":"2025-01-17T01:25:03","date_gmt":"2025-01-17T01:25:03","guid":{"rendered":"https:\/\/clarsonpestcontrol.com\/?page_id=442"},"modified":"2025-01-20T21:46:26","modified_gmt":"2025-01-20T21:46:26","slug":"spider-control","status":"publish","type":"page","link":"https:\/\/clarsonpestcontrol.com\/es\/spider-control\/","title":{"rendered":"Control de Ara\u00f1as"},"content":{"rendered":"<h2 class=\"wp-block-heading\">Principales Beneficios de la Ara\u00f1a de Control de Servicio en Miami, FL<\/h2>\n\n\n\n<p>La elecci\u00f3n de &#034;Clarson de Control de Plagas LLC&#034; para <strong>ara\u00f1a de control <\/strong>servicio en Miami, FL promete una experiencia sin igual, atenci\u00f3n personalizada, y la fiabilidad de los resultados.<\/p>\n\n\n\n<p><strong>Aqu\u00ed est\u00e1n algunas ventajas clave:<\/strong><\/p>\n\n\n<div class=\"wp-block-image\">\n<figure class=\"alignleft size-full\"><img fetchpriority=\"high\" decoding=\"async\" width=\"500\" height=\"333\" src=\"https:\/\/clarsonpestcontrol.com\/wp-content\/uploads\/2025\/01\/Spider-control-2.jpg\" alt=\"\" class=\"wp-image-751\" srcset=\"https:\/\/clarsonpestcontrol.com\/wp-content\/uploads\/2025\/01\/Spider-control-2.jpg 500w, https:\/\/clarsonpestcontrol.com\/wp-content\/uploads\/2025\/01\/Spider-control-2-300x200.jpg 300w\" sizes=\"(max-width: 500px) 100vw, 500px\" \/><\/figure>\n<\/div>\n\n\n<h3 class=\"wp-block-heading\">Beneficio #1<\/h3>\n\n\n\n<ul class=\"wp-block-list\">\n<li>Protege tu hogar o negocio desde los riesgos que plantea la ara\u00f1a infestaciones.<\/li>\n\n\n\n<li>Tratamientos especializados eliminar los peligrosos y molestia especie de ara\u00f1a de forma efectiva.<\/li>\n<\/ul>\n\n\n\n<hr class=\"wp-block-separator has-alpha-channel-opacity\"\/>\n\n\n\n<h3 class=\"wp-block-heading\">Beneficio #2<\/h3>\n\n\n\n<ul class=\"wp-block-list\">\n<li>Asegura un ambiente seguro y c\u00f3modo para su familia o empleados.<\/li>\n\n\n\n<li>Ara\u00f1a de control minimiza los riesgos de picaduras y la mejora global de la paz de la mente.<\/li>\n<\/ul>\n\n\n\n<hr class=\"wp-block-separator has-alpha-channel-opacity\"\/>\n\n\n\n<h3 class=\"wp-block-heading\">Beneficio #3<\/h3>\n\n\n\n<ul class=\"wp-block-list\">\n<li>Ofrece soluciones ecol\u00f3gicas a la medida de Miami clima y urbanas.<\/li>\n\n\n\n<li>Los tratamientos son seguros para las mascotas, los ni\u00f1os y el medio ambiente.<\/li>\n<\/ul>\n\n\n\n<hr class=\"wp-block-separator has-alpha-channel-opacity\"\/>\n\n\n\n<h3 class=\"wp-block-heading\">Beneficio #4<\/h3>\n\n\n\n<ul class=\"wp-block-list\">\n<li>Previene infestaciones recurrentes con estrategias proactivas.<\/li>\n\n\n\n<li>Nuestros programas de mantenimiento incluyen inspecciones detalladas y tratamientos preventivos.<\/li>\n<\/ul>\n\n\n\n<hr class=\"wp-block-separator has-alpha-channel-opacity\"\/>\n\n\n\n<h3 class=\"wp-block-heading\">Beneficio #5<\/h3>\n\n\n\n<ul class=\"wp-block-list\">\n<li>Aumenta el valor de la propiedad mediante la eliminaci\u00f3n de plagas relacionadas con problemas.<\/li>\n\n\n\n<li>A largo plazo libre de plagas entornos de aumentar el atractivo y el potencial de comercializaci\u00f3n.<\/li>\n<\/ul>\n\n\n\n<hr class=\"wp-block-separator has-alpha-channel-opacity\"\/>\n\n\n\n<h3 class=\"wp-block-heading\">Beneficio #6<\/h3>\n\n\n\n<ul class=\"wp-block-list\">\n<li>Reduce el estr\u00e9s y mejora la calidad de vida.<\/li>\n\n\n\n<li>Expertos de la ara\u00f1a de control asegura la paz de la mente por la protecci\u00f3n de su espacio.<\/li>\n<\/ul>\n\n\n\n<hr class=\"wp-block-separator has-alpha-channel-opacity\"\/>\n\n\n\n<h3 class=\"wp-block-heading\">Beneficio #7<\/h3>\n\n\n\n<ul class=\"wp-block-list\">\n<li>Ahorra tiempo y dinero con un eficiente y costo-efectiva de los servicios.<\/li>\n\n\n\n<li>Evitar BRICOLAJE errores con nuestro profesional de control de plagas.<\/li>\n<\/ul>\n\n\n\n<hr class=\"wp-block-separator has-alpha-channel-opacity\"\/>\n\n\n\n<h3 class=\"wp-block-heading\">Beneficio #8<\/h3>\n\n\n\n<ul class=\"wp-block-list\">\n<li>Servicios personalizados a la medida de Miami diversas propiedades.<\/li>\n\n\n\n<li>Estamos frente a desaf\u00edos \u00fanicos en espacios residenciales y comerciales.<\/li>\n<\/ul>\n\n\n\n<hr class=\"wp-block-separator has-alpha-channel-opacity\"\/>\n\n\n\n<h3 class=\"wp-block-heading\">Beneficio #9<\/h3>\n\n\n\n<ul class=\"wp-block-list\">\n<li>Detallada de seguimiento y apoyo a asegurar resultados duraderos.<\/li>\n\n\n\n<li>Nuestros expertos est\u00e1n disponibles para consultas y servicios en curso.<\/li>\n<\/ul>\n\n\n\n<hr class=\"wp-block-separator has-alpha-channel-opacity\"\/>\n\n\n\n<h3 class=\"wp-block-heading\">Beneficio #10<\/h3>\n\n\n\n<ul class=\"wp-block-list\">\n<li>Respaldado por un expediente de pista probado positivos y testimonios de clientes.<\/li>\n\n\n\n<li>&#034;Su servicio ha hecho de nuestro hogar un santuario de nuevo!&#034; \u2013 Lucas F.<\/li>\n<\/ul>\n\n\n\n<h2 class=\"wp-block-heading\">TODOS nuestros Servicios se Ofrecen en Miami, FL<\/h2>\n\n\n\n<ul class=\"wp-block-list\">\n<li><strong>Control De Hormigas<\/strong> \u2013 &#034;Elimina efectivamente las infestaciones de hormigas para garantizar un ambiente seguro e higi\u00e9nico. Tratamientos especializados proteger a los hogares y negocios de plagas.&#034;<\/li>\n\n\n\n<li><strong>Las Chinches De Exterminio<\/strong> \u2013 &#034;Elimina los insectos de la cama r\u00e1pidamente, proporcionando un sue\u00f1o placentero y la paz de la mente. Nuestras avanzadas t\u00e9cnicas de destino todas las etapas de infestaci\u00f3n para completar la eliminaci\u00f3n.&#034;<\/li>\n\n\n\n<li><strong>Control De Roedores<\/strong> \u2013 &#034;Protege las propiedades de los roedores con humanas y eficaces soluciones. Previene el da\u00f1o y los riesgos de salud asociados con los roedores&#034;.<\/li>\n\n\n\n<li><strong>Exterminio De Cucarachas<\/strong> \u2013 &#034;Completamente la erradicaci\u00f3n de las infestaciones de cucarachas, garantizando un entorno limpio y saludable en el espacio. Nuestros m\u00e9todos de destino las zonas de alto riesgo para obtener resultados \u00f3ptimos.&#034;<\/li>\n\n\n\n<li><strong>Control de Ara\u00f1as<\/strong> \u2013 &#034;Mantiene su hogar o negocio spider-libre y seguro para todos. Se centra en la eliminaci\u00f3n de la ara\u00f1a com\u00fan de las especies se encuentran en Miami.&#034;<\/li>\n\n\n\n<li><strong>Rata De Control De Plagas<\/strong> \u2013 &#034;Elimina las ratas y evita futuras infestaciones con estrategias integrales. Servicios de expertos se centran en Miami de plagas urbanas desaf\u00edos&#034;.<\/li>\n<\/ul>\n\n\n\n<hr class=\"wp-block-separator has-alpha-channel-opacity\"\/>\n\n\n\n<h3 class=\"wp-block-heading\">\u00bfPOR QU\u00c9 ELEGIR NOSOTROS<\/h3>\n\n\n\n<h2 class=\"wp-block-heading\">\u00bfPor qu\u00e9 Elegir Clarson de Control de Plagas LLC para las Ara\u00f1as de Control de Servicio en Miami, FL<\/h2>\n\n\n\n<ul class=\"wp-block-list\">\n<li><strong>Experiencia En La Que Puede Confiar<\/strong> \u2013 &#034;Entregamos una experiencia inigualable en la ara\u00f1a de control de servicios con un enfoque en resultados duraderos.&#034;<\/li>\n\n\n\n<li><strong>Soluciones Ecol\u00f3gicas<\/strong> \u2013 &#034;Nuestro ambientalmente responsable de los tratamientos de proteger a sus seres queridos y el planeta.&#034;<\/li>\n\n\n\n<li><strong>Planes Personalizados<\/strong> \u2013 &#034;Desarrollamos a la medida de los planes para su \u00fanico asuntos de plagas.&#034;<\/li>\n\n\n\n<li><strong>El Servicio Del Sistema<\/strong> \u2013 &#034;El mismo d\u00eda de los servicios disponibles para atender las apremiantes problemas de plagas en Miami.&#034;<\/li>\n\n\n\n<li><strong>Precios Asequibles<\/strong> \u2013 &#034;Soluciones costo-efectivas, sin comprometer la calidad.&#034;<\/li>\n\n\n\n<li><strong>Profesionales Con Experiencia<\/strong> \u2013 &#034;Certificado de especialistas entrenados en las \u00faltimas t\u00e9cnicas de control de plagas.&#034;<\/li>\n\n\n\n<li><strong>Resultados Garantizados<\/strong> \u2013 &#034;Su satisfacci\u00f3n es nuestro compromiso, con seguimiento incluido.&#034;<\/li>\n\n\n\n<li><strong>Enfoque Centrado En El Cliente<\/strong> \u2013 &#034;Cada cliente recibe atenci\u00f3n personalizada y el cuidado.&#034;<\/li>\n\n\n\n<li><strong>Amplia Gama de Servicios<\/strong> \u2013 &#034;Integral de manejo de plagas servicios m\u00e1s all\u00e1 de la ara\u00f1a de control.&#034;<\/li>\n\n\n\n<li><strong>Compromiso Local<\/strong> \u2013 &#034;Orgullosos de servir a Miami, con dedicaci\u00f3n a su comunidad y valores&#034;.<\/li>\n<\/ul>\n\n\n\n<hr class=\"wp-block-separator has-alpha-channel-opacity\"\/>","protected":false},"excerpt":{"rendered":"<p>Main Benefits of Spider Control Service in Miami, FL Choosing &#8220;Clarson Pest Control LLC&#8221; for spider control service in Miami, FL promises unmatched expertise, personalized care, and reliable results. Here are some key benefits: Benefit #1 Benefit #2 Benefit #3 Benefit #4 Benefit #5 Benefit #6 Benefit #7 Benefit #8 Benefit #9 Benefit #10 ALL<br \/><a class=\"moretag\" href=\"https:\/\/clarsonpestcontrol.com\/es\/spider-control\/\">+ Read More<\/a><\/p>","protected":false},"author":1,"featured_media":0,"parent":0,"menu_order":0,"comment_status":"closed","ping_status":"closed","template":"templates\/page-nosidebar_template.php","meta":{"postBodyCss":"","postBodyMargin":[],"postBodyPadding":[],"postBodyBackground":{"backgroundType":"classic","gradient":""},"enableOnePageScrollInPage":false,"onePageScrollCss":"","onePageScrollSpeed":1000,"onePageScrollAnimation":"easeInOutQuad","onePageScrollShowDotNavigation":true,"onePageScrollNavigation":"scaleUp","onePageScrollNavigationPosition":"right","onePageScrollNavigationHorizontal":[],"onePageScrollNavigationVertical":[],"onePageScrollNavigationSpacing":[],"onePageScrollNavigationColor":"#00ff0d","onePageScrollNavigationColorHover":"#00ff0d","onePageScrollNavigationColorActive":"#00ff0d","onePageScrollNavigationIcon":[],"onePageScrollNavigationWidth":[],"onePageScrollNavigationWidthHover":[],"onePageScrollNavigationWidthActive":[],"onePageScrollNavigationHeight":[],"onePageScrollNavigationHeightHover":[],"onePageScrollNavigationHeightActive":[],"onePageScrollNavigationBorder":[],"onePageScrollNavigationBorderHover":[],"onePageScrollNavigationBorderActive":[],"onePageScrollNavigationBorderRadius":[],"onePageScrollNavigationBorderRadiusHover":[],"onePageScrollNavigationBorderRadiusActive":[],"onePageScrollNavigationTooltipTypography":[],"onePageScrollNavigationTooltipColor":"#ffffff","onePageScrollNavigationTooltipColorHover":"","onePageScrollNavigationTooltipBgColor":"#00ff0d","onePageScrollNavigationTooltipBgColorHover":"","onePageScrollNavigationTooltipPadding":[],"onePageScrollNavigationTooltipPaddingHover":[],"onePageScrollNavigationTooltipBorderRadius":[],"onePageScrollNavigationTooltipBorderRadiusHover":[],"pageSettingsCustomCss":"","footnotes":""},"class_list":["post-442","page","type-page","status-publish","hentry"],"_links":{"self":[{"href":"https:\/\/clarsonpestcontrol.com\/es\/wp-json\/wp\/v2\/pages\/442","targetHints":{"allow":["GET"]}}],"collection":[{"href":"https:\/\/clarsonpestcontrol.com\/es\/wp-json\/wp\/v2\/pages"}],"about":[{"href":"https:\/\/clarsonpestcontrol.com\/es\/wp-json\/wp\/v2\/types\/page"}],"author":[{"embeddable":true,"href":"https:\/\/clarsonpestcontrol.com\/es\/wp-json\/wp\/v2\/users\/1"}],"replies":[{"embeddable":true,"href":"https:\/\/clarsonpestcontrol.com\/es\/wp-json\/wp\/v2\/comments?post=442"}],"version-history":[{"count":4,"href":"https:\/\/clarsonpestcontrol.com\/es\/wp-json\/wp\/v2\/pages\/442\/revisions"}],"predecessor-version":[{"id":811,"href":"https:\/\/clarsonpestcontrol.com\/es\/wp-json\/wp\/v2\/pages\/442\/revisions\/811"}],"wp:attachment":[{"href":"https:\/\/clarsonpestcontrol.com\/es\/wp-json\/wp\/v2\/media?parent=442"}],"curies":[{"name":"wp","href":"https:\/\/api.w.org\/{rel}","templated":true}]}}