{"id":447,"date":"2025-01-17T01:38:20","date_gmt":"2025-01-17T01:38:20","guid":{"rendered":"https:\/\/clarsonpestcontrol.com\/?page_id=447"},"modified":"2025-01-20T21:58:33","modified_gmt":"2025-01-20T21:58:33","slug":"rodent-control","status":"publish","type":"page","link":"https:\/\/clarsonpestcontrol.com\/es\/rodent-control\/","title":{"rendered":"Control De Roedores"},"content":{"rendered":"<h2 class=\"wp-block-heading\">Principales Beneficios de Control de Roedores en Miami, FL<\/h2>\n\n\n\n<p>La elecci\u00f3n de &#034;Clarson de Control de Plagas&#034; para <strong>control de roedores <\/strong>en Miami, FL garantiza un seguro, libre de plagas medio ambiente con soluciones adaptadas a sus necesidades.<\/p>\n\n\n\n<p><strong>Aqu\u00ed est\u00e1n algunas ventajas clave:<\/strong><\/p>\n\n\n\n<figure class=\"wp-block-image size-full\"><img fetchpriority=\"high\" decoding=\"async\" width=\"500\" height=\"480\" src=\"https:\/\/clarsonpestcontrol.com\/wp-content\/uploads\/2019\/10\/clarson-pest-control-gallery1.jpg\" alt=\"\" class=\"wp-image-686\" srcset=\"https:\/\/clarsonpestcontrol.com\/wp-content\/uploads\/2019\/10\/clarson-pest-control-gallery1.jpg 500w, https:\/\/clarsonpestcontrol.com\/wp-content\/uploads\/2019\/10\/clarson-pest-control-gallery1-300x288.jpg 300w\" sizes=\"(max-width: 500px) 100vw, 500px\" \/><\/figure>\n\n\n\n<h3 class=\"wp-block-heading\">Prevenir La Propagaci\u00f3n De La Enfermedad:<\/h3>\n\n\n\n<ul class=\"wp-block-list\">\n<li>Los roedores portadores de enfermedades que pueden poner en riesgo la salud de su familia. El control efectivo reduce la exposici\u00f3n a las bacterias, virus y par\u00e1sitos.<\/li>\n<\/ul>\n\n\n\n<h3 class=\"wp-block-heading\">Proteger La Propiedad:<\/h3>\n\n\n\n<ul class=\"wp-block-list\">\n<li>Evitar que los roedores de la masticaci\u00f3n de los cables, aislamiento, y muebles. Oportuna intervenci\u00f3n minimiza el da\u00f1o estructural.<\/li>\n<\/ul>\n\n\n\n<h3 class=\"wp-block-heading\">Mejorar La Comodidad:<\/h3>\n\n\n\n<ul class=\"wp-block-list\">\n<li>Eliminar el estr\u00e9s y las molestias causadas por las plagas de roedores. Descanse tranquilo sabiendo que su casa sea segura.<\/li>\n<\/ul>\n\n\n\n<h3 class=\"wp-block-heading\">Ahorro De Costes:<\/h3>\n\n\n\n<ul class=\"wp-block-list\">\n<li>Intervenci\u00f3n temprana evita costosas reparaciones y tratamientos repetidos. Beneficios duraderos a largo plazo de control de plagas soluciones.<\/li>\n<\/ul>\n\n\n\n<h3 class=\"wp-block-heading\">Soluciones Ecol\u00f3gicas:<\/h3>\n\n\n\n<ul class=\"wp-block-list\">\n<li>Humana y ambientalmente responsable de los m\u00e9todos para garantizar la seguridad de su familia y mascotas. Confiar en que nuestro enfoque verde para obtener resultados sostenibles.<\/li>\n<\/ul>\n\n\n\n<h3 class=\"wp-block-heading\">Integral De Prevenci\u00f3n:<\/h3>\n\n\n\n<ul class=\"wp-block-list\">\n<li>Nuestro servicio va m\u00e1s all\u00e1 de eliminaci\u00f3n para incluir la prevenci\u00f3n. El sellado de los puntos de entrada y supervisi\u00f3n proactiva mantener su propiedad de roedores.<\/li>\n<\/ul>\n\n\n\n<h3 class=\"wp-block-heading\">Experiencia Profesional:<\/h3>\n\n\n\n<ul class=\"wp-block-list\">\n<li>T\u00e9cnicos certificados con a\u00f1os de experiencia en control de roedores. Aprovechar sus conocimientos para precisas, eficaces soluciones.<\/li>\n<\/ul>\n\n\n\n<h3 class=\"wp-block-heading\">Respuesta De Emergencia:<\/h3>\n\n\n\n<ul class=\"wp-block-list\">\n<li>Tiempos de respuesta r\u00e1pidos para los urgentes problemas de roedores. Damos prioridad a su seguridad y la paz de la mente.<\/li>\n<\/ul>\n\n\n\n<h3 class=\"wp-block-heading\">A La Medida De Los Planes:<\/h3>\n\n\n\n<ul class=\"wp-block-list\">\n<li>Cada hogar recibe un plan de tratamiento personalizado para la eficacia m\u00e1xima. Entendemos que cada infestaci\u00f3n es \u00fanico.<\/li>\n<\/ul>\n\n\n\n<h3 class=\"wp-block-heading\"><\/h3>\n\n\n\n<h2 class=\"wp-block-heading\">TODOS nuestros Servicios se Ofrecen en Miami, FL<\/h2>\n\n\n\n<ul class=\"wp-block-list\">\n<li><strong>Control De Hormigas<\/strong> \u2013 &#034;Elimina efectivamente las infestaciones de hormigas para garantizar un ambiente seguro e higi\u00e9nico. Tratamientos especializados proteger a los hogares y negocios de plagas.&#034;<\/li>\n\n\n\n<li><strong>Las Chinches De Exterminio<\/strong> \u2013 &#034;Elimina los insectos de la cama r\u00e1pidamente, proporcionando un sue\u00f1o placentero y la paz de la mente. Nuestras avanzadas t\u00e9cnicas de destino todas las etapas de infestaci\u00f3n para completar la eliminaci\u00f3n.&#034;<\/li>\n\n\n\n<li><strong>Control De Roedores<\/strong> \u2013 &#034;Protege las propiedades de los roedores con humanas y eficaces soluciones. Previene el da\u00f1o y los riesgos de salud asociados con los roedores&#034;.<\/li>\n\n\n\n<li><strong>Exterminio De Cucarachas<\/strong> \u2013 &#034;Completamente la erradicaci\u00f3n de las infestaciones de cucarachas, garantizando un entorno limpio y saludable en el espacio. Nuestros m\u00e9todos de destino las zonas de alto riesgo para obtener resultados \u00f3ptimos.&#034;<\/li>\n\n\n\n<li><strong>Control de Ara\u00f1as<\/strong> \u2013 &#034;Mantiene su hogar o negocio spider-libre y seguro para todos. Se centra en la eliminaci\u00f3n de la ara\u00f1a com\u00fan de las especies se encuentran en Miami.&#034;<\/li>\n\n\n\n<li><strong>Rata De Control De Plagas<\/strong> \u2013 &#034;Elimina las ratas y evita futuras infestaciones con estrategias integrales. Servicios de expertos se centran en Miami de plagas urbanas desaf\u00edos&#034;.<\/li>\n<\/ul>\n\n\n\n<hr class=\"wp-block-separator has-alpha-channel-opacity\"\/>\n\n\n\n<h3 class=\"wp-block-heading\">\u00bfPOR QU\u00c9 ELEGIR NOSOTROS<\/h3>\n\n\n\n<h2 class=\"wp-block-heading\">\u00bfPor qu\u00e9 Elegir Clarson de Control de Plagas LLC para Control de Roedores Servicio en Miami, FL<\/h2>\n\n\n\n<ul class=\"wp-block-list\">\n<li><strong>Experiencia En La Que Puede Confiar<\/strong> \u2013 &#034;Entregamos una experiencia inigualable en la ara\u00f1a de control de servicios con un enfoque en resultados duraderos.&#034;<\/li>\n\n\n\n<li><strong>Soluciones Ecol\u00f3gicas<\/strong> \u2013 &#034;Nuestro ambientalmente responsable de los tratamientos de proteger a sus seres queridos y el planeta.&#034;<\/li>\n\n\n\n<li><strong>Planes Personalizados<\/strong> \u2013 &#034;Desarrollamos a la medida de los planes para su \u00fanico asuntos de plagas.&#034;<\/li>\n\n\n\n<li><strong>El Servicio Del Sistema<\/strong> \u2013 &#034;El mismo d\u00eda de los servicios disponibles para atender las apremiantes problemas de plagas en Miami.&#034;<\/li>\n\n\n\n<li><strong>Precios Asequibles<\/strong> \u2013 &#034;Soluciones costo-efectivas, sin comprometer la calidad.&#034;<\/li>\n\n\n\n<li><strong>Profesionales Con Experiencia<\/strong> \u2013 &#034;Certificado de especialistas entrenados en las \u00faltimas t\u00e9cnicas de control de plagas.&#034;<\/li>\n\n\n\n<li><strong>Resultados Garantizados<\/strong> \u2013 &#034;Su satisfacci\u00f3n es nuestro compromiso, con seguimiento incluido.&#034;<\/li>\n\n\n\n<li><strong>Enfoque Centrado En El Cliente<\/strong> \u2013 &#034;Cada cliente recibe atenci\u00f3n personalizada y el cuidado.&#034;<\/li>\n\n\n\n<li><strong>Amplia Gama de Servicios<\/strong> \u2013 &#034;Integral de manejo de plagas servicios m\u00e1s all\u00e1 de la ara\u00f1a de control.&#034;<\/li>\n\n\n\n<li><strong>Compromiso Local<\/strong> \u2013 &#034;Orgullosos de servir a Miami, con dedicaci\u00f3n a su comunidad y valores&#034;.<\/li>\n<\/ul>\n\n\n\n<hr class=\"wp-block-separator has-alpha-channel-opacity\"\/>","protected":false},"excerpt":{"rendered":"<p>Main Benefits of Rodent Control in Miami, FL Choosing &#8220;Clarson Pest Control&#8221; for rodent control in Miami, FL ensures a safe, pest-free environment with solutions tailored to your needs. Here are some key benefits: Prevent Disease Spread: Protect Property: Enhance Comfort: Cost Savings: Eco-Friendly Solutions: Comprehensive Prevention: Professional Expertise: Emergency Response: Tailored Plans: ALL our<br \/><a class=\"moretag\" href=\"https:\/\/clarsonpestcontrol.com\/es\/rodent-control\/\">+ Read More<\/a><\/p>","protected":false},"author":1,"featured_media":0,"parent":0,"menu_order":0,"comment_status":"closed","ping_status":"closed","template":"templates\/page-nosidebar_template.php","meta":{"postBodyCss":"","postBodyMargin":[],"postBodyPadding":[],"postBodyBackground":{"backgroundType":"classic","gradient":""},"enableOnePageScrollInPage":false,"onePageScrollCss":"","onePageScrollSpeed":1000,"onePageScrollAnimation":"easeInOutQuad","onePageScrollShowDotNavigation":true,"onePageScrollNavigation":"scaleUp","onePageScrollNavigationPosition":"right","onePageScrollNavigationHorizontal":[],"onePageScrollNavigationVertical":[],"onePageScrollNavigationSpacing":[],"onePageScrollNavigationColor":"#00ff0d","onePageScrollNavigationColorHover":"#00ff0d","onePageScrollNavigationColorActive":"#00ff0d","onePageScrollNavigationIcon":[],"onePageScrollNavigationWidth":[],"onePageScrollNavigationWidthHover":[],"onePageScrollNavigationWidthActive":[],"onePageScrollNavigationHeight":[],"onePageScrollNavigationHeightHover":[],"onePageScrollNavigationHeightActive":[],"onePageScrollNavigationBorder":[],"onePageScrollNavigationBorderHover":[],"onePageScrollNavigationBorderActive":[],"onePageScrollNavigationBorderRadius":[],"onePageScrollNavigationBorderRadiusHover":[],"onePageScrollNavigationBorderRadiusActive":[],"onePageScrollNavigationTooltipTypography":[],"onePageScrollNavigationTooltipColor":"#ffffff","onePageScrollNavigationTooltipColorHover":"","onePageScrollNavigationTooltipBgColor":"#00ff0d","onePageScrollNavigationTooltipBgColorHover":"","onePageScrollNavigationTooltipPadding":[],"onePageScrollNavigationTooltipPaddingHover":[],"onePageScrollNavigationTooltipBorderRadius":[],"onePageScrollNavigationTooltipBorderRadiusHover":[],"pageSettingsCustomCss":"","footnotes":""},"class_list":["post-447","page","type-page","status-publish","hentry"],"_links":{"self":[{"href":"https:\/\/clarsonpestcontrol.com\/es\/wp-json\/wp\/v2\/pages\/447","targetHints":{"allow":["GET"]}}],"collection":[{"href":"https:\/\/clarsonpestcontrol.com\/es\/wp-json\/wp\/v2\/pages"}],"about":[{"href":"https:\/\/clarsonpestcontrol.com\/es\/wp-json\/wp\/v2\/types\/page"}],"author":[{"embeddable":true,"href":"https:\/\/clarsonpestcontrol.com\/es\/wp-json\/wp\/v2\/users\/1"}],"replies":[{"embeddable":true,"href":"https:\/\/clarsonpestcontrol.com\/es\/wp-json\/wp\/v2\/comments?post=447"}],"version-history":[{"count":8,"href":"https:\/\/clarsonpestcontrol.com\/es\/wp-json\/wp\/v2\/pages\/447\/revisions"}],"predecessor-version":[{"id":760,"href":"https:\/\/clarsonpestcontrol.com\/es\/wp-json\/wp\/v2\/pages\/447\/revisions\/760"}],"wp:attachment":[{"href":"https:\/\/clarsonpestcontrol.com\/es\/wp-json\/wp\/v2\/media?parent=447"}],"curies":[{"name":"wp","href":"https:\/\/api.w.org\/{rel}","templated":true}]}}