{"id":462,"date":"2025-01-17T02:21:19","date_gmt":"2025-01-17T02:21:19","guid":{"rendered":"https:\/\/clarsonpestcontrol.com\/?page_id=462"},"modified":"2025-01-20T20:31:18","modified_gmt":"2025-01-20T20:31:18","slug":"pest-control-in-miami-beach-fl","status":"publish","type":"page","link":"https:\/\/clarsonpestcontrol.com\/es\/pest-control-in-miami-beach-fl\/","title":{"rendered":"Control de plagas en Broward, FL"},"content":{"rendered":"<div class=\"wp-block-columns is-layout-flex wp-container-core-columns-is-layout-9d6595d7 wp-block-columns-is-layout-flex\">\n<div class=\"wp-block-column is-layout-flow wp-block-column-is-layout-flow\">\n<div class=\"wp-block-columns is-layout-flex wp-container-core-columns-is-layout-9d6595d7 wp-block-columns-is-layout-flex\">\n<div class=\"wp-block-column is-layout-flow wp-block-column-is-layout-flow\">\n<figure class=\"wp-block-image size-full is-style-default\"><img fetchpriority=\"high\" decoding=\"async\" width=\"500\" height=\"333\" src=\"https:\/\/clarsonpestcontrol.com\/wp-content\/uploads\/2025\/01\/pest-control-in-miami-1.webp\" alt=\"Aerial view of a beachfront cityscape with tall buildings and a sandy beach. The turquoise ocean stretches along the shore, with beachgoers, umbrellas, and greenery in the foreground. A calm bay and scattered clouds are visible in the background.\" class=\"wp-image-375\" srcset=\"https:\/\/clarsonpestcontrol.com\/wp-content\/uploads\/2025\/01\/pest-control-in-miami-1.webp 500w, https:\/\/clarsonpestcontrol.com\/wp-content\/uploads\/2025\/01\/pest-control-in-miami-1-300x200.webp 300w\" sizes=\"(max-width: 500px) 100vw, 500px\" \/><\/figure>\n<\/div>\n<\/div>\n<\/div>\n<\/div>\n\n\n\n<h3 class=\"wp-block-heading\">Unique Selling Proposition: Clarson de Control de Plagas LLC en el Condado de Broward, FL<\/h3>\n\n\n\n<p><strong>\u00bfQu\u00e9 Nos Distingue?<\/strong><br>Nuestra incomparable dedicaci\u00f3n a la calidad y la satisfacci\u00f3n del cliente.<\/p>\n\n\n\n<ul class=\"wp-block-list\">\n<li><strong>Soluciones Ecol\u00f3gicas<\/strong>: Altamente eficaz y seguro para el medioambiente m\u00e9todos de control de plagas.<\/li>\n\n\n\n<li><strong>A La Medida De Los Tratamientos<\/strong>: Dise\u00f1ado para la direcci\u00f3n de plagas espec\u00edficas desaf\u00edos en el Condado de Broward.<\/li>\n\n\n\n<li><strong>Seguro y Saludable Espacios<\/strong>: Creamos libres de plagas ambientes para una mejor calidad de vida.<\/li>\n<\/ul>\n\n\n\n<hr class=\"wp-block-separator has-alpha-channel-opacity\"\/>\n\n\n\n<h3 class=\"wp-block-heading\">Conexi\u00f3n Local: Orgullosamente Sirviendo El Condado De Broward<\/h3>\n\n\n\n<ul class=\"wp-block-list\">\n<li><strong>Localmente Arraigada<\/strong>: Basado en cerca de Condado de Broward, entendemos que la \u00fanica plaga desaf\u00edos en esta regi\u00f3n.<\/li>\n\n\n\n<li><strong>Compromiso Con La Comunidad<\/strong>: Apoyar activamente de los eventos locales y obras de caridad para dar la espalda a nuestros vecinos.<\/li>\n\n\n\n<li><strong>La Construcci\u00f3n De Relaciones<\/strong>: Fomento de la confianza y la satisfacci\u00f3n con nuestros Condado de Broward clientes.<\/li>\n<\/ul>\n\n\n\n<hr class=\"wp-block-separator has-alpha-channel-opacity\"\/>\n\n\n\n<h3 class=\"wp-block-heading\">Enfoque Centrado En El Cliente<\/h3>\n\n\n\n<p>En Clarson de Control de Plagas LLC, su satisfacci\u00f3n es nuestra m\u00e1xima prioridad.<\/p>\n\n\n\n<ul class=\"wp-block-list\">\n<li><strong>Soluciones Personalizadas<\/strong>: Dise\u00f1ado para abordar diversos temas de plagas a trav\u00e9s del Condado de Broward.<\/li>\n\n\n\n<li><strong>Comentarios Positivos<\/strong>: Un cliente elogi\u00f3 nuestro enfoque meticuloso para resolver su problema de roedores.<\/li>\n\n\n\n<li><strong>Resultados Excepcionales<\/strong>: Nuestro objetivo es superar las expectativas de cada momento.<\/li>\n<\/ul>\n\n\n\n<hr class=\"wp-block-separator has-alpha-channel-opacity\"\/>\n\n\n\n<h3 class=\"wp-block-heading\">La Experiencia Que Ofrece<\/h3>\n\n\n\n<ul class=\"wp-block-list\">\n<li><strong>Profesionales Certificados<\/strong>: Formaci\u00f3n avanzada en t\u00e9cnicas de control de plagas.<\/li>\n\n\n\n<li><strong>M\u00e9todos Innovadores<\/strong>: El aprovechamiento de la tecnolog\u00eda de vanguardia para resultados duraderos.<\/li>\n\n\n\n<li><strong>Galardonado Servicio De<\/strong>: Reconocido por su excelencia en el manejo de plagas.<\/li>\n<\/ul>\n\n\n\n<hr class=\"wp-block-separator has-alpha-channel-opacity\"\/>\n\n\n\n<h3 class=\"wp-block-heading\">Beneficios clave de la Elecci\u00f3n de Clarson de Control de Plagas LLC en el Condado de Broward, FL<\/h3>\n\n\n\n<ol class=\"wp-block-list\">\n<li><strong>Efectiva La Eliminaci\u00f3n De Plagas<\/strong><br>Dirigido m\u00e9todos que aseguran una larga duraci\u00f3n libre de plagas entornos.<\/li>\n\n\n\n<li><strong>Soluciones Ecol\u00f3gicas<\/strong><br>Seguros tratamientos para las familias y las mascotas que minimizar la exposici\u00f3n a sustancias qu\u00edmicas.<\/li>\n\n\n\n<li><strong>Inspecciones Exhaustivas<\/strong><br>La detecci\u00f3n temprana de los problemas de plagas evita costosos da\u00f1os.<\/li>\n\n\n\n<li><strong>Los Planes De Tratamiento Personalizados<\/strong><br>Servicios flexibles adaptados a sus preocupaciones espec\u00edficas de plagas.<\/li>\n\n\n\n<li><strong>Equipo Experimentado<\/strong><br>Expertos locales con amplio conocimiento del Condado de Broward temas de plagas.<\/li>\n\n\n\n<li><strong>Mantenimiento Preventivo<\/strong><br>Los tratamientos regulares para proteger su propiedad durante todo el a\u00f1o.<\/li>\n\n\n\n<li><strong>Precios Asequibles<\/strong><br>Servicio de alta calidad a precios competitivos, sin costos ocultos.<\/li>\n\n\n\n<li><strong>La Experiencia Local<\/strong><br>La comprensi\u00f3n en profundidad del Condado de Broward clim\u00e1ticos y de plagas desaf\u00edos.<\/li>\n\n\n\n<li><strong>La Seguridad Es Primero<\/strong><br>La adhesi\u00f3n estricta a las normas de seguridad y salud para la paz de la mente.<\/li>\n\n\n\n<li><strong>La mejora de la Calidad de Vida<\/strong><br>Disfrute de un c\u00f3modo, libre de plagas del hogar, mientras que la protecci\u00f3n de su valor de la propiedad.<\/li>\n<\/ol>\n\n\n\n<hr class=\"wp-block-separator has-alpha-channel-opacity\"\/>\n\n\n\n<h3 class=\"wp-block-heading\">Los servicios Ofrecidos en el Condado de Broward, FL<\/h3>\n\n\n\n<ul class=\"wp-block-list\">\n<li><strong>Integral de Plagas y Control de Roedores<\/strong>: Soluciones eficaces y adaptadas a sus necesidades.<\/li>\n\n\n\n<li><strong>Las Chinches De Exterminio<\/strong>: T\u00e9cnicas avanzadas para eliminar los insectos de la cama por completo.<\/li>\n\n\n\n<li><strong>Control De Roedores<\/strong>: Prevenir da\u00f1os a la propiedad y los riesgos de salud humano con las estrategias.<\/li>\n\n\n\n<li><strong>El Control De Cucarachas<\/strong>: Soluciones a largo plazo para las infestaciones de cucarachas con tecnolog\u00eda avanzada.<\/li>\n\n\n\n<li><strong>Desratizaci\u00f3n<\/strong>: Medidas proactivas para eliminar ratas y prevenir futuras invasiones.<\/li>\n<\/ul>\n\n\n\n<hr class=\"wp-block-separator has-alpha-channel-opacity\"\/>\n\n\n\n<h3 class=\"wp-block-heading\">\u00bfPor qu\u00e9 Elegir Clarson de Control de Plagas LLC?<\/h3>\n\n\n\n<ul class=\"wp-block-list\">\n<li><strong>Experto En Soluciones De<\/strong>: Avanzada la eliminaci\u00f3n de plagas y m\u00e9todos de prevenci\u00f3n.<\/li>\n\n\n\n<li><strong>Las Pr\u00e1cticas Ecol\u00f3gicas<\/strong>: Seguro y sostenible de los tratamientos para su hogar y su familia.<\/li>\n\n\n\n<li><strong>Servicios Integrales<\/strong>: Cubriendo todas las plagas de las necesidades de gesti\u00f3n de, de los insectos de la cama a la de los roedores.<\/li>\n\n\n\n<li><strong>Precios Asequibles<\/strong>: Servicios de alta calidad transparentes y competitivos precios.<\/li>\n\n\n\n<li><strong>Enfoque Centrado En El Cliente<\/strong>: Planes personalizados dise\u00f1ados para las necesidades \u00fanicas de cada cliente.<\/li>\n\n\n\n<li><strong>Broward Especialistas<\/strong>: La profunda comprensi\u00f3n de las plagas desaf\u00edos que garantice la eficacia de las estrategias.<\/li>\n\n\n\n<li><strong>Los Servicios De Emergencia<\/strong>: R\u00e1pidos tiempos de respuesta a los urgentes problemas de plagas.<\/li>\n\n\n\n<li><strong>T\u00e9cnicas Innovadoras<\/strong>: La utilizaci\u00f3n de tecnolog\u00eda de vanguardia para minucioso control de plagas.<\/li>\n\n\n\n<li><strong>Compromiso Local<\/strong>Orgullosamente sirviendo el Condado de Broward con excelencia y dedicaci\u00f3n.<\/li>\n\n\n\n<li><strong>Resultados Comprobados<\/strong>: Un largo historial de clientes satisfechos que acredite nuestra eficacia.<\/li>\n<\/ul>\n\n\n\n<h2 class=\"wp-block-heading\"><\/h2>\n\n\n\n<p><\/p>","protected":false},"excerpt":{"rendered":"<p>Unique Selling Proposition: Clarson Pest Control LLC in Broward County, FL What Sets Us Apart?Our unmatched dedication to quality and client satisfaction. Local Connection: Proudly Serving Broward County Client-Focused Approach At Clarson Pest Control LLC, your satisfaction is our top priority. Expertise That Delivers Key Benefits of Choosing Clarson Pest Control LLC in Broward County,<br \/><a class=\"moretag\" href=\"https:\/\/clarsonpestcontrol.com\/es\/pest-control-in-miami-beach-fl\/\">+ Read More<\/a><\/p>","protected":false},"author":1,"featured_media":0,"parent":0,"menu_order":0,"comment_status":"closed","ping_status":"closed","template":"templates\/page-nosidebar_template.php","meta":{"postBodyCss":"","postBodyMargin":{"Desktop":{"top":"1px","right":"1px","bottom":"1px","left":"1px"}},"postBodyPadding":[],"postBodyBackground":{"backgroundType":"classic","gradient":""},"enableOnePageScrollInPage":false,"onePageScrollCss":"","onePageScrollSpeed":1000,"onePageScrollAnimation":"easeInOutQuad","onePageScrollShowDotNavigation":true,"onePageScrollNavigation":"scaleUp","onePageScrollNavigationPosition":"right","onePageScrollNavigationHorizontal":{"Desktop":{"size":101,"unit":"px"}},"onePageScrollNavigationVertical":{"Desktop":{"size":84,"unit":"px"}},"onePageScrollNavigationSpacing":[],"onePageScrollNavigationColor":"","onePageScrollNavigationColorHover":"#00ff0d","onePageScrollNavigationColorActive":"#00ff0d","onePageScrollNavigationIcon":[],"onePageScrollNavigationWidth":[],"onePageScrollNavigationWidthHover":[],"onePageScrollNavigationWidthActive":[],"onePageScrollNavigationHeight":[],"onePageScrollNavigationHeightHover":[],"onePageScrollNavigationHeightActive":[],"onePageScrollNavigationBorder":[],"onePageScrollNavigationBorderHover":[],"onePageScrollNavigationBorderActive":[],"onePageScrollNavigationBorderRadius":[],"onePageScrollNavigationBorderRadiusHover":[],"onePageScrollNavigationBorderRadiusActive":[],"onePageScrollNavigationTooltipTypography":[],"onePageScrollNavigationTooltipColor":"#ffffff","onePageScrollNavigationTooltipColorHover":"","onePageScrollNavigationTooltipBgColor":"#00ff0d","onePageScrollNavigationTooltipBgColorHover":"","onePageScrollNavigationTooltipPadding":[],"onePageScrollNavigationTooltipPaddingHover":[],"onePageScrollNavigationTooltipBorderRadius":[],"onePageScrollNavigationTooltipBorderRadiusHover":[],"pageSettingsCustomCss":"","footnotes":""},"class_list":["post-462","page","type-page","status-publish","hentry"],"_links":{"self":[{"href":"https:\/\/clarsonpestcontrol.com\/es\/wp-json\/wp\/v2\/pages\/462","targetHints":{"allow":["GET"]}}],"collection":[{"href":"https:\/\/clarsonpestcontrol.com\/es\/wp-json\/wp\/v2\/pages"}],"about":[{"href":"https:\/\/clarsonpestcontrol.com\/es\/wp-json\/wp\/v2\/types\/page"}],"author":[{"embeddable":true,"href":"https:\/\/clarsonpestcontrol.com\/es\/wp-json\/wp\/v2\/users\/1"}],"replies":[{"embeddable":true,"href":"https:\/\/clarsonpestcontrol.com\/es\/wp-json\/wp\/v2\/comments?post=462"}],"version-history":[{"count":7,"href":"https:\/\/clarsonpestcontrol.com\/es\/wp-json\/wp\/v2\/pages\/462\/revisions"}],"predecessor-version":[{"id":699,"href":"https:\/\/clarsonpestcontrol.com\/es\/wp-json\/wp\/v2\/pages\/462\/revisions\/699"}],"wp:attachment":[{"href":"https:\/\/clarsonpestcontrol.com\/es\/wp-json\/wp\/v2\/media?parent=462"}],"curies":[{"name":"wp","href":"https:\/\/api.w.org\/{rel}","templated":true}]}}